{"id":12,"date":"2015-01-31T19:14:01","date_gmt":"2015-01-31T18:14:01","guid":{"rendered":"http:\/\/wordpress.wordup-hd.de\/?page_id=12"},"modified":"2023-08-17T06:47:27","modified_gmt":"2023-08-17T04:47:27","slug":"ueber-uns","status":"publish","type":"page","link":"https:\/\/wordup-hd.de\/?page_id=12","title":{"rendered":"\u00dcber Uns"},"content":{"rendered":"<p><strong>WORD UP!<\/strong><br \/>\nB\u00fcro f\u00fcr B\u00fchnenliteratur, Veranstaltungskonzeption und K\u00fcnstlervermittlung<\/p>\n<p>Wir&#8230;<\/p>\n<ul>\n<li>&#8230;organisieren in Zusammenarbeit mit den jeweiligen Veranstaltungsh\u00e4usern \u00f6ffentliche Kulturveranstaltungen wie Poetry Slams, Kunst gegen Bares, Soloshows u.v.m.<\/li>\n<li>&#8230;betreiben in Zusammenarbeit mit dem Kulturfenster Heidelberg Nachwuchsarbeit<\/li>\n<li>&#8230;bieten Workshops f\u00fcr Slam Poetry, Performances und Kreatives Schreiben f\u00fcr Schulen etc. an<\/li>\n<li>&#8230;konzipieren Veranstaltungen und vermitteln K\u00fcnstlerinnen und K\u00fcnstler sowohl im literarischen als auch im musikalischen Bereich<\/li>\n<\/ul>\n","protected":false},"excerpt":{"rendered":"<p>WORD UP! B\u00fcro f\u00fcr B\u00fchnenliteratur, Veranstaltungskonzeption und K\u00fcnstlervermittlung Wir&#8230; &#8230;organisieren in Zusammenarbeit mit den jeweiligen Veranstaltungsh\u00e4usern \u00f6ffentliche Kulturveranstaltungen wie Poetry Slams, Kunst gegen Bares, Soloshows u.v.m. &#8230;betreiben in Zusammenarbeit mit dem Kulturfenster Heidelberg Nachwuchsarbeit &#8230;bieten Workshops f\u00fcr Slam Poetry, Performances und Kreatives Schreiben f\u00fcr Schulen etc. an &#8230;konzipieren Veranstaltungen und \u2026 <a class=\"continue-reading-link\" href=\"https:\/\/wordup-hd.de\/?page_id=12\">Mehr lesen&#8230;<\/a><\/p>\n","protected":false},"author":1,"featured_media":0,"parent":0,"menu_order":5,"comment_status":"closed","ping_status":"closed","template":"","meta":{"footnotes":""},"class_list":["post-12","page","type-page","status-publish","hentry"],"yoast_head":"<!-- This site is optimized with the Yoast SEO plugin v27.3 - https:\/\/yoast.com\/product\/yoast-seo-wordpress\/ -->\n<title>\u00dcber Uns - WORD UP!<\/title>\n<meta name=\"robots\" content=\"index, follow, max-snippet:-1, max-image-preview:large, max-video-preview:-1\" \/>\n<link rel=\"canonical\" href=\"https:\/\/wordup-hd.de\/?page_id=12\" \/>\n<meta property=\"og:locale\" content=\"de_DE\" \/>\n<meta property=\"og:type\" content=\"article\" \/>\n<meta property=\"og:title\" content=\"\u00dcber Uns - WORD UP!\" \/>\n<meta property=\"og:description\" content=\"WORD UP! B\u00fcro f\u00fcr B\u00fchnenliteratur, Veranstaltungskonzeption und K\u00fcnstlervermittlung Wir&#8230; &#8230;organisieren in Zusammenarbeit mit den jeweiligen Veranstaltungsh\u00e4usern \u00f6ffentliche Kulturveranstaltungen wie Poetry Slams, Kunst gegen Bares, Soloshows u.v.m. &#8230;betreiben in Zusammenarbeit mit dem Kulturfenster Heidelberg Nachwuchsarbeit &#8230;bieten Workshops f\u00fcr Slam Poetry, Performances und Kreatives Schreiben f\u00fcr Schulen etc. an &#8230;konzipieren Veranstaltungen und \u2026 Mehr lesen...\" \/>\n<meta property=\"og:url\" content=\"https:\/\/wordup-hd.de\/?page_id=12\" \/>\n<meta property=\"og:site_name\" content=\"WORD UP!\" \/>\n<meta property=\"article:publisher\" content=\"https:\/\/www.facebook.com\/WORDUPHD\" \/>\n<meta property=\"article:modified_time\" content=\"2023-08-17T04:47:27+00:00\" \/>\n<meta name=\"twitter:label1\" content=\"Gesch\u00e4tzte Lesezeit\" \/>\n\t<meta name=\"twitter:data1\" content=\"1\u00a0Minute\" \/>\n<script type=\"application\/ld+json\" class=\"yoast-schema-graph\">{\"@context\":\"https:\\\/\\\/schema.org\",\"@graph\":[{\"@type\":\"WebPage\",\"@id\":\"https:\\\/\\\/wordup-hd.de\\\/?page_id=12\",\"url\":\"https:\\\/\\\/wordup-hd.de\\\/?page_id=12\",\"name\":\"\u00dcber Uns - WORD UP!\",\"isPartOf\":{\"@id\":\"https:\\\/\\\/wordup-hd.de\\\/#website\"},\"datePublished\":\"2015-01-31T18:14:01+00:00\",\"dateModified\":\"2023-08-17T04:47:27+00:00\",\"breadcrumb\":{\"@id\":\"https:\\\/\\\/wordup-hd.de\\\/?page_id=12#breadcrumb\"},\"inLanguage\":\"de\",\"potentialAction\":[{\"@type\":\"ReadAction\",\"target\":[\"https:\\\/\\\/wordup-hd.de\\\/?page_id=12\"]}]},{\"@type\":\"BreadcrumbList\",\"@id\":\"https:\\\/\\\/wordup-hd.de\\\/?page_id=12#breadcrumb\",\"itemListElement\":[{\"@type\":\"ListItem\",\"position\":1,\"name\":\"Home\",\"item\":\"https:\\\/\\\/wordup-hd.de\\\/\"},{\"@type\":\"ListItem\",\"position\":2,\"name\":\"\u00dcber Uns\"}]},{\"@type\":\"WebSite\",\"@id\":\"https:\\\/\\\/wordup-hd.de\\\/#website\",\"url\":\"https:\\\/\\\/wordup-hd.de\\\/\",\"name\":\"WORD UP!\",\"description\":\"\",\"potentialAction\":[{\"@type\":\"SearchAction\",\"target\":{\"@type\":\"EntryPoint\",\"urlTemplate\":\"https:\\\/\\\/wordup-hd.de\\\/?s={search_term_string}\"},\"query-input\":{\"@type\":\"PropertyValueSpecification\",\"valueRequired\":true,\"valueName\":\"search_term_string\"}}],\"inLanguage\":\"de\"}]}<\/script>\n<!-- \/ Yoast SEO plugin. -->","yoast_head_json":{"title":"\u00dcber Uns - WORD UP!","robots":{"index":"index","follow":"follow","max-snippet":"max-snippet:-1","max-image-preview":"max-image-preview:large","max-video-preview":"max-video-preview:-1"},"canonical":"https:\/\/wordup-hd.de\/?page_id=12","og_locale":"de_DE","og_type":"article","og_title":"\u00dcber Uns - WORD UP!","og_description":"WORD UP! B\u00fcro f\u00fcr B\u00fchnenliteratur, Veranstaltungskonzeption und K\u00fcnstlervermittlung Wir&#8230; &#8230;organisieren in Zusammenarbeit mit den jeweiligen Veranstaltungsh\u00e4usern \u00f6ffentliche Kulturveranstaltungen wie Poetry Slams, Kunst gegen Bares, Soloshows u.v.m. &#8230;betreiben in Zusammenarbeit mit dem Kulturfenster Heidelberg Nachwuchsarbeit &#8230;bieten Workshops f\u00fcr Slam Poetry, Performances und Kreatives Schreiben f\u00fcr Schulen etc. an &#8230;konzipieren Veranstaltungen und \u2026 Mehr lesen...","og_url":"https:\/\/wordup-hd.de\/?page_id=12","og_site_name":"WORD UP!","article_publisher":"https:\/\/www.facebook.com\/WORDUPHD","article_modified_time":"2023-08-17T04:47:27+00:00","twitter_misc":{"Gesch\u00e4tzte Lesezeit":"1\u00a0Minute"},"schema":{"@context":"https:\/\/schema.org","@graph":[{"@type":"WebPage","@id":"https:\/\/wordup-hd.de\/?page_id=12","url":"https:\/\/wordup-hd.de\/?page_id=12","name":"\u00dcber Uns - WORD UP!","isPartOf":{"@id":"https:\/\/wordup-hd.de\/#website"},"datePublished":"2015-01-31T18:14:01+00:00","dateModified":"2023-08-17T04:47:27+00:00","breadcrumb":{"@id":"https:\/\/wordup-hd.de\/?page_id=12#breadcrumb"},"inLanguage":"de","potentialAction":[{"@type":"ReadAction","target":["https:\/\/wordup-hd.de\/?page_id=12"]}]},{"@type":"BreadcrumbList","@id":"https:\/\/wordup-hd.de\/?page_id=12#breadcrumb","itemListElement":[{"@type":"ListItem","position":1,"name":"Home","item":"https:\/\/wordup-hd.de\/"},{"@type":"ListItem","position":2,"name":"\u00dcber Uns"}]},{"@type":"WebSite","@id":"https:\/\/wordup-hd.de\/#website","url":"https:\/\/wordup-hd.de\/","name":"WORD UP!","description":"","potentialAction":[{"@type":"SearchAction","target":{"@type":"EntryPoint","urlTemplate":"https:\/\/wordup-hd.de\/?s={search_term_string}"},"query-input":{"@type":"PropertyValueSpecification","valueRequired":true,"valueName":"search_term_string"}}],"inLanguage":"de"}]}},"_links":{"self":[{"href":"https:\/\/wordup-hd.de\/index.php?rest_route=\/wp\/v2\/pages\/12","targetHints":{"allow":["GET"]}}],"collection":[{"href":"https:\/\/wordup-hd.de\/index.php?rest_route=\/wp\/v2\/pages"}],"about":[{"href":"https:\/\/wordup-hd.de\/index.php?rest_route=\/wp\/v2\/types\/page"}],"author":[{"embeddable":true,"href":"https:\/\/wordup-hd.de\/index.php?rest_route=\/wp\/v2\/users\/1"}],"replies":[{"embeddable":true,"href":"https:\/\/wordup-hd.de\/index.php?rest_route=%2Fwp%2Fv2%2Fcomments&post=12"}],"version-history":[{"count":11,"href":"https:\/\/wordup-hd.de\/index.php?rest_route=\/wp\/v2\/pages\/12\/revisions"}],"predecessor-version":[{"id":2606,"href":"https:\/\/wordup-hd.de\/index.php?rest_route=\/wp\/v2\/pages\/12\/revisions\/2606"}],"wp:attachment":[{"href":"https:\/\/wordup-hd.de\/index.php?rest_route=%2Fwp%2Fv2%2Fmedia&parent=12"}],"curies":[{"name":"wp","href":"https:\/\/api.w.org\/{rel}","templated":true}]}}