{"id":214,"date":"2015-02-08T15:41:16","date_gmt":"2015-02-08T14:41:16","guid":{"rendered":"http:\/\/wordpress.wordup-hd.de\/?page_id=214"},"modified":"2023-08-11T07:19:19","modified_gmt":"2023-08-11T05:19:19","slug":"regeln-ablauf","status":"publish","type":"page","link":"https:\/\/wordup-hd.de\/?page_id=214","title":{"rendered":"Regeln &#038; Ablauf"},"content":{"rendered":"<h2>The points are not the point!<\/h2>\n<p>&#8211; Allan Wolf<\/p>\n<hr \/>\n<h3>Regeln<\/h3>\n<ul>\n<li><strong>Poetry Slam soll Spa\u00df machen!<\/strong> \u00dcbertriebener Ehrgeiz, Neid und Konkurrenzdenken haben hier nichts verloren.<\/li>\n<li>Es d\u00fcrfen nur selbstverfasste Texte vorgetragen werden.<\/li>\n<li>Fremdtexte sind genau wie Gesangsparts nur zitathaft erlaubt und d\u00fcrfen nur einen kleinen Teil des Textes ausmachen.<\/li>\n<li>Es sind keine Hilfsmittel wie Verkleidungen, Gegenst\u00e4nde, Tiere o.\u00e4. erlaubt.<\/li>\n<li>Die maximale Vortragszeit betr\u00e4gt in der Regel 6 Minuten.<\/li>\n<li>In den 6 Minuten k\u00f6nnen beliebig viele St\u00fccke vorgetragen werden.<\/li>\n<\/ul>\n<hr \/>\n<h3>Ablauf<\/h3>\n<ul>\n<li>In der Regel nehmen 9 Poet*innen an einem Slam teil. Diese werden in Vorrunden-Gruppen gelost.<\/li>\n<li>Das Publikum entscheidet nach jeder Gruppe durch Applaus-Abstimmung \u00fcber die Platzierung der Slammer*innen.<\/li>\n<li>Die Slammer*innen, die in ihrer Gruppe den lautesten Applaus erhalten haben, kommen ins Finale.<\/li>\n<li>Im Finale m\u00fcssen neue Texte vorgetragen werden.<\/li>\n<\/ul>\n","protected":false},"excerpt":{"rendered":"<p>The points are not the point! &#8211; Allan Wolf Regeln Poetry Slam soll Spa\u00df machen! \u00dcbertriebener Ehrgeiz, Neid und Konkurrenzdenken haben hier nichts verloren. Es d\u00fcrfen nur selbstverfasste Texte vorgetragen werden. Fremdtexte sind genau wie Gesangsparts nur zitathaft erlaubt und d\u00fcrfen nur einen kleinen Teil des Textes ausmachen. Es sind \u2026 <a class=\"continue-reading-link\" href=\"https:\/\/wordup-hd.de\/?page_id=214\">Mehr lesen&#8230;<\/a><\/p>\n","protected":false},"author":1,"featured_media":0,"parent":176,"menu_order":2,"comment_status":"closed","ping_status":"open","template":"","meta":{"footnotes":""},"class_list":["post-214","page","type-page","status-publish","hentry"],"yoast_head":"<!-- This site is optimized with the Yoast SEO plugin v27.5 - https:\/\/yoast.com\/product\/yoast-seo-wordpress\/ -->\n<title>Regeln &amp; Ablauf - WORD UP!<\/title>\n<meta name=\"robots\" content=\"index, follow, max-snippet:-1, max-image-preview:large, max-video-preview:-1\" \/>\n<link rel=\"canonical\" href=\"https:\/\/wordup-hd.de\/?page_id=214\" \/>\n<meta property=\"og:locale\" content=\"de_DE\" \/>\n<meta property=\"og:type\" content=\"article\" \/>\n<meta property=\"og:title\" content=\"Regeln &amp; Ablauf - WORD UP!\" \/>\n<meta property=\"og:description\" content=\"The points are not the point! &#8211; Allan Wolf Regeln Poetry Slam soll Spa\u00df machen! \u00dcbertriebener Ehrgeiz, Neid und Konkurrenzdenken haben hier nichts verloren. Es d\u00fcrfen nur selbstverfasste Texte vorgetragen werden. Fremdtexte sind genau wie Gesangsparts nur zitathaft erlaubt und d\u00fcrfen nur einen kleinen Teil des Textes ausmachen. Es sind \u2026 Mehr lesen...\" \/>\n<meta property=\"og:url\" content=\"https:\/\/wordup-hd.de\/?page_id=214\" \/>\n<meta property=\"og:site_name\" content=\"WORD UP!\" \/>\n<meta property=\"article:publisher\" content=\"https:\/\/www.facebook.com\/WORDUPHD\" \/>\n<meta property=\"article:modified_time\" content=\"2023-08-11T05:19:19+00:00\" \/>\n<meta name=\"twitter:label1\" content=\"Gesch\u00e4tzte Lesezeit\" \/>\n\t<meta name=\"twitter:data1\" content=\"1\u00a0Minute\" \/>\n<script type=\"application\/ld+json\" class=\"yoast-schema-graph\">{\"@context\":\"https:\\\/\\\/schema.org\",\"@graph\":[{\"@type\":\"WebPage\",\"@id\":\"https:\\\/\\\/wordup-hd.de\\\/?page_id=214\",\"url\":\"https:\\\/\\\/wordup-hd.de\\\/?page_id=214\",\"name\":\"Regeln & Ablauf - WORD UP!\",\"isPartOf\":{\"@id\":\"https:\\\/\\\/wordup-hd.de\\\/#website\"},\"datePublished\":\"2015-02-08T14:41:16+00:00\",\"dateModified\":\"2023-08-11T05:19:19+00:00\",\"breadcrumb\":{\"@id\":\"https:\\\/\\\/wordup-hd.de\\\/?page_id=214#breadcrumb\"},\"inLanguage\":\"de\",\"potentialAction\":[{\"@type\":\"ReadAction\",\"target\":[\"https:\\\/\\\/wordup-hd.de\\\/?page_id=214\"]}]},{\"@type\":\"BreadcrumbList\",\"@id\":\"https:\\\/\\\/wordup-hd.de\\\/?page_id=214#breadcrumb\",\"itemListElement\":[{\"@type\":\"ListItem\",\"position\":1,\"name\":\"Home\",\"item\":\"https:\\\/\\\/wordup-hd.de\\\/\"},{\"@type\":\"ListItem\",\"position\":2,\"name\":\"Poetry Slam\",\"item\":\"https:\\\/\\\/wordup-hd.de\\\/?page_id=176\"},{\"@type\":\"ListItem\",\"position\":3,\"name\":\"Regeln &#038; Ablauf\"}]},{\"@type\":\"WebSite\",\"@id\":\"https:\\\/\\\/wordup-hd.de\\\/#website\",\"url\":\"https:\\\/\\\/wordup-hd.de\\\/\",\"name\":\"WORD UP!\",\"description\":\"\",\"potentialAction\":[{\"@type\":\"SearchAction\",\"target\":{\"@type\":\"EntryPoint\",\"urlTemplate\":\"https:\\\/\\\/wordup-hd.de\\\/?s={search_term_string}\"},\"query-input\":{\"@type\":\"PropertyValueSpecification\",\"valueRequired\":true,\"valueName\":\"search_term_string\"}}],\"inLanguage\":\"de\"}]}<\/script>\n<!-- \/ Yoast SEO plugin. -->","yoast_head_json":{"title":"Regeln & Ablauf - WORD UP!","robots":{"index":"index","follow":"follow","max-snippet":"max-snippet:-1","max-image-preview":"max-image-preview:large","max-video-preview":"max-video-preview:-1"},"canonical":"https:\/\/wordup-hd.de\/?page_id=214","og_locale":"de_DE","og_type":"article","og_title":"Regeln & Ablauf - WORD UP!","og_description":"The points are not the point! &#8211; Allan Wolf Regeln Poetry Slam soll Spa\u00df machen! \u00dcbertriebener Ehrgeiz, Neid und Konkurrenzdenken haben hier nichts verloren. Es d\u00fcrfen nur selbstverfasste Texte vorgetragen werden. Fremdtexte sind genau wie Gesangsparts nur zitathaft erlaubt und d\u00fcrfen nur einen kleinen Teil des Textes ausmachen. Es sind \u2026 Mehr lesen...","og_url":"https:\/\/wordup-hd.de\/?page_id=214","og_site_name":"WORD UP!","article_publisher":"https:\/\/www.facebook.com\/WORDUPHD","article_modified_time":"2023-08-11T05:19:19+00:00","twitter_misc":{"Gesch\u00e4tzte Lesezeit":"1\u00a0Minute"},"schema":{"@context":"https:\/\/schema.org","@graph":[{"@type":"WebPage","@id":"https:\/\/wordup-hd.de\/?page_id=214","url":"https:\/\/wordup-hd.de\/?page_id=214","name":"Regeln & Ablauf - WORD UP!","isPartOf":{"@id":"https:\/\/wordup-hd.de\/#website"},"datePublished":"2015-02-08T14:41:16+00:00","dateModified":"2023-08-11T05:19:19+00:00","breadcrumb":{"@id":"https:\/\/wordup-hd.de\/?page_id=214#breadcrumb"},"inLanguage":"de","potentialAction":[{"@type":"ReadAction","target":["https:\/\/wordup-hd.de\/?page_id=214"]}]},{"@type":"BreadcrumbList","@id":"https:\/\/wordup-hd.de\/?page_id=214#breadcrumb","itemListElement":[{"@type":"ListItem","position":1,"name":"Home","item":"https:\/\/wordup-hd.de\/"},{"@type":"ListItem","position":2,"name":"Poetry Slam","item":"https:\/\/wordup-hd.de\/?page_id=176"},{"@type":"ListItem","position":3,"name":"Regeln &#038; Ablauf"}]},{"@type":"WebSite","@id":"https:\/\/wordup-hd.de\/#website","url":"https:\/\/wordup-hd.de\/","name":"WORD UP!","description":"","potentialAction":[{"@type":"SearchAction","target":{"@type":"EntryPoint","urlTemplate":"https:\/\/wordup-hd.de\/?s={search_term_string}"},"query-input":{"@type":"PropertyValueSpecification","valueRequired":true,"valueName":"search_term_string"}}],"inLanguage":"de"}]}},"_links":{"self":[{"href":"https:\/\/wordup-hd.de\/index.php?rest_route=\/wp\/v2\/pages\/214","targetHints":{"allow":["GET"]}}],"collection":[{"href":"https:\/\/wordup-hd.de\/index.php?rest_route=\/wp\/v2\/pages"}],"about":[{"href":"https:\/\/wordup-hd.de\/index.php?rest_route=\/wp\/v2\/types\/page"}],"author":[{"embeddable":true,"href":"https:\/\/wordup-hd.de\/index.php?rest_route=\/wp\/v2\/users\/1"}],"replies":[{"embeddable":true,"href":"https:\/\/wordup-hd.de\/index.php?rest_route=%2Fwp%2Fv2%2Fcomments&post=214"}],"version-history":[{"count":4,"href":"https:\/\/wordup-hd.de\/index.php?rest_route=\/wp\/v2\/pages\/214\/revisions"}],"predecessor-version":[{"id":2600,"href":"https:\/\/wordup-hd.de\/index.php?rest_route=\/wp\/v2\/pages\/214\/revisions\/2600"}],"up":[{"embeddable":true,"href":"https:\/\/wordup-hd.de\/index.php?rest_route=\/wp\/v2\/pages\/176"}],"wp:attachment":[{"href":"https:\/\/wordup-hd.de\/index.php?rest_route=%2Fwp%2Fv2%2Fmedia&parent=214"}],"curies":[{"name":"wp","href":"https:\/\/api.w.org\/{rel}","templated":true}]}}