{"id":215,"date":"2015-02-08T15:40:17","date_gmt":"2015-02-08T14:40:17","guid":{"rendered":"http:\/\/wordpress.wordup-hd.de\/?page_id=215"},"modified":"2015-02-08T15:47:18","modified_gmt":"2015-02-08T14:47:18","slug":"regeln","status":"publish","type":"page","link":"https:\/\/wordup-hd.de\/?page_id=215","title":{"rendered":"Was ist Poetry Slam?"},"content":{"rendered":"<h4>&#8222;Slam is the lighthouse for the democratization of art.\u201c \u2013 Bob Holman<\/h4>\n<p><strong>Poetry Slam&#8230;<br \/>\n<\/strong>&#8230;ist ein Wettbewerb der B\u00fchnendichter. Bis zu einem Dutzend Poeten teilen sich \u00fcber einen Abend dieselbe B\u00fchne, um ihre Texte einem Publikum so aufregend, so mitrei\u00dfend, so laut und schnell wie n\u00f6tig und so einf\u00fchlend und zuckers\u00fc\u00df wie m\u00f6glich vorzutragen. Das Publikum seinerseits erh\u00e4lt die Jurymacht und bestimmt (entweder im Kollektiv \u00fcber die Lautst\u00e4rke des Applauses, oder in Form ausgew\u00e4hlter Publikumsjuroren) Gewinner und Verlierer des Abends.<\/p>\n<p>Slam ist Literatur als Sport. Ein Poetry Slam ist spannend, unterhaltend. Ein Gladiatorenkampf der Redenschwinger. Ein Ringkampf der Alliteraten. Slam ist keine Lesung, denn Slam hat begriffen, wieso Lesungen nicht funktionieren. Slam geht vom gesprochenen Wort aus und nicht von der wirren Idee, dass geschriebene Texte auch vorgelesen funktionieren m\u00fcssen. Slam ist kein Forum f\u00fcr tiefe Reflektion, f\u00fcr Gedankeng\u00e4nge, deren Sinn sich erst beim wiederholten Aufnehmen herauskristallisiert. Slam ist der Ort f\u00fcr Pathos, f\u00fcr Manifeste, Kitsch und Hasstiraden. Beste Voraussetzungen f\u00fcr moderne Lyrik. Slampoeten brauchen keinen Tisch, um sich dahinter verstecken zu k\u00f6nnen, weil sie sich ihrer Wirkung auf der B\u00fchne bewusst sein m\u00fcssen. Slammer brauchen kein Wasserglas, weil Bier, Rotwein und Absinth die Stimme besser ge\u00f6lt halten, und Slammer stehen am Mikrofon, weil wer wirklich was zu sagen hat, der darf dabei nicht sitzen bleiben.<\/p>\n<p><strong>Slamily<br \/>\n<\/strong><br \/>\nErfunden hat das Format ein Amerikaner, wie k\u00f6nnte es anders sein? Marc Kelly Smith aus Chicago, von aller Welt liebevoll \u00abSlampapi\u00bb genannt, hat Slam! nicht nur als Nachbrenner f\u00fcr das vernarbte Konzept der Lesung ausgeheckt, sondern immer auch als Parodie auf den freien Markt. \u00abWir verabscheuen den Wettstreit und seinen Verb\u00fcndeten Krieg\u00bb, hei\u00dft es im Slammanifest \u00abDisclaimer\u00bb der New Yorker Slamlegende Bob Holman. Die Slammer treten auf der B\u00fchne nicht gegeneinander an, um sich zu zeigen, wer besser ist. Der Wettbewerb dient dazu, dem Abend einen dramatischen Stimmungsbogen zu verleihen, vom \u00abOpferlamm\u00bb, welches den Abend er\u00f6ffnet, \u00fcber das gegenseitige Anpeitschen in den Vorrunden, bis zum glorreichen Finale. Dies macht auch den Gewinner zur Nebensache. Kurz nach dem Sieg ist der Abend vorbei, und der Ruhm \u00fcbertr\u00e4gt sich h\u00f6chstens noch auf die Aftershowparty. So gilt neben der Seniorit\u00e4t in der Szene einzig die Platzierung an der gro\u00dfen deutschsprachigen Meisterschaft, als Gradmesser der tats\u00e4chlichen Leistung. Der bedeutendste Begriff des Slams ist denn auch nicht etwa ein literarisches Konzept, sondern derjenige der Slamily, der \u00abFamilie\u00bb der Slammer, Veranstalter und Fans. Mit wenigen Ausnahmen reisen Slammer nicht durch halb Europa, weil sie sich damit ihren Lebensunterhalt verdienen, sondern um sich mit Menschen zu treffen, mit denen sie die Liebe zur Sprache und die Freude am Spiel verbinden.<\/p>\n<h4>\u201eThe point is not the points, the point is the poetry.\u201c \u2013 Allan Wolf<\/h4>\n<p><strong>Literatur?<br \/>\n<\/strong><br \/>\nNat\u00fcrlich darf man sich fragen, ob denn Slam wirklich noch Literatur sei. Aber die Antwort ist nicht so einfach. Um das Ger\u00fccht ein- f\u00fcr allemal zu erledigen: Slam Poetry ist nicht improvisiert, und sie war es nie. Slammer sind Dichter, nicht Improvisationsk\u00fcnstler. Weitere Verallgemeinerungen sind dann schon schwieriger zu machen. Von klassischer zerbrechlicher Lyrik \u00fcber HipHop-Lyrics \u00fcber Schnitzelbankreime bis zu ausgefeilten, komprimierten K\u00fcrzestgeschichten findet sich alles auf unseren B\u00fchnen. Das Prinzip ist einfach: Qualit\u00e4t ist, was dem Publikum gef\u00e4llt. Nat\u00fcrlich kann das auch schade sein. Slammer reden \u00fcber die Dinge, die ihnen wirklich begegnen. Wir reden \u00fcber Sex und Alkohol, Musik und Filme, durchzechte N\u00e4chte und zerschlagene Beziehungen, Drogenmissbrauch und Politiker. Schnell taucht nat\u00fcrlich der Vorwurf auf, Slamtexte seien platt und nicht f\u00fcr die Ewigkeit geschrieben, die Themen der Texte widerspiegeln blo\u00df unseren tristen und obsz\u00f6nen Alltag und transzendieren niemals unsere langweiligen Leben. Das mag sein. Daf\u00fcr spiegeln sie unsere Zeit so genau wider, wie das kein anderes Genre vermag. Und sie machen Spa\u00df. Mehr k\u00f6nnen wir von unserer Kunst nicht erwarten.<\/p>\n<p><em>Etrit Hasler, 06.01.06, Appenzeller Zeitung (gek\u00fcrzte Textfassung)<\/em><\/p>\n","protected":false},"excerpt":{"rendered":"<p>&#8222;Slam is the lighthouse for the democratization of art.\u201c \u2013 Bob Holman Poetry Slam&#8230; &#8230;ist ein Wettbewerb der B\u00fchnendichter. Bis zu einem Dutzend Poeten teilen sich \u00fcber einen Abend dieselbe B\u00fchne, um ihre Texte einem Publikum so aufregend, so mitrei\u00dfend, so laut und schnell wie n\u00f6tig und so einf\u00fchlend und \u2026 <a class=\"continue-reading-link\" href=\"https:\/\/wordup-hd.de\/?page_id=215\">Mehr lesen&#8230;<\/a><\/p>\n","protected":false},"author":1,"featured_media":0,"parent":176,"menu_order":1,"comment_status":"closed","ping_status":"open","template":"","meta":{"footnotes":""},"class_list":["post-215","page","type-page","status-publish","hentry"],"yoast_head":"<!-- This site is optimized with the Yoast SEO plugin v27.3 - https:\/\/yoast.com\/product\/yoast-seo-wordpress\/ -->\n<title>Was ist Poetry Slam? - WORD UP!<\/title>\n<meta name=\"robots\" content=\"index, follow, max-snippet:-1, max-image-preview:large, max-video-preview:-1\" \/>\n<link rel=\"canonical\" href=\"https:\/\/wordup-hd.de\/?page_id=215\" \/>\n<meta property=\"og:locale\" content=\"de_DE\" \/>\n<meta property=\"og:type\" content=\"article\" \/>\n<meta property=\"og:title\" content=\"Was ist Poetry Slam? - WORD UP!\" \/>\n<meta property=\"og:description\" content=\"&#8222;Slam is the lighthouse for the democratization of art.\u201c \u2013 Bob Holman Poetry Slam&#8230; &#8230;ist ein Wettbewerb der B\u00fchnendichter. Bis zu einem Dutzend Poeten teilen sich \u00fcber einen Abend dieselbe B\u00fchne, um ihre Texte einem Publikum so aufregend, so mitrei\u00dfend, so laut und schnell wie n\u00f6tig und so einf\u00fchlend und \u2026 Mehr lesen...\" \/>\n<meta property=\"og:url\" content=\"https:\/\/wordup-hd.de\/?page_id=215\" \/>\n<meta property=\"og:site_name\" content=\"WORD UP!\" \/>\n<meta property=\"article:publisher\" content=\"https:\/\/www.facebook.com\/WORDUPHD\" \/>\n<meta property=\"article:modified_time\" content=\"2015-02-08T14:47:18+00:00\" \/>\n<meta name=\"twitter:label1\" content=\"Gesch\u00e4tzte Lesezeit\" \/>\n\t<meta name=\"twitter:data1\" content=\"3\u00a0Minuten\" \/>\n<script type=\"application\/ld+json\" class=\"yoast-schema-graph\">{\"@context\":\"https:\\\/\\\/schema.org\",\"@graph\":[{\"@type\":\"WebPage\",\"@id\":\"https:\\\/\\\/wordup-hd.de\\\/?page_id=215\",\"url\":\"https:\\\/\\\/wordup-hd.de\\\/?page_id=215\",\"name\":\"Was ist Poetry Slam? - WORD UP!\",\"isPartOf\":{\"@id\":\"https:\\\/\\\/wordup-hd.de\\\/#website\"},\"datePublished\":\"2015-02-08T14:40:17+00:00\",\"dateModified\":\"2015-02-08T14:47:18+00:00\",\"breadcrumb\":{\"@id\":\"https:\\\/\\\/wordup-hd.de\\\/?page_id=215#breadcrumb\"},\"inLanguage\":\"de\",\"potentialAction\":[{\"@type\":\"ReadAction\",\"target\":[\"https:\\\/\\\/wordup-hd.de\\\/?page_id=215\"]}]},{\"@type\":\"BreadcrumbList\",\"@id\":\"https:\\\/\\\/wordup-hd.de\\\/?page_id=215#breadcrumb\",\"itemListElement\":[{\"@type\":\"ListItem\",\"position\":1,\"name\":\"Home\",\"item\":\"https:\\\/\\\/wordup-hd.de\\\/\"},{\"@type\":\"ListItem\",\"position\":2,\"name\":\"Poetry Slam\",\"item\":\"https:\\\/\\\/wordup-hd.de\\\/?page_id=176\"},{\"@type\":\"ListItem\",\"position\":3,\"name\":\"Was ist Poetry Slam?\"}]},{\"@type\":\"WebSite\",\"@id\":\"https:\\\/\\\/wordup-hd.de\\\/#website\",\"url\":\"https:\\\/\\\/wordup-hd.de\\\/\",\"name\":\"WORD UP!\",\"description\":\"\",\"potentialAction\":[{\"@type\":\"SearchAction\",\"target\":{\"@type\":\"EntryPoint\",\"urlTemplate\":\"https:\\\/\\\/wordup-hd.de\\\/?s={search_term_string}\"},\"query-input\":{\"@type\":\"PropertyValueSpecification\",\"valueRequired\":true,\"valueName\":\"search_term_string\"}}],\"inLanguage\":\"de\"}]}<\/script>\n<!-- \/ Yoast SEO plugin. -->","yoast_head_json":{"title":"Was ist Poetry Slam? - WORD UP!","robots":{"index":"index","follow":"follow","max-snippet":"max-snippet:-1","max-image-preview":"max-image-preview:large","max-video-preview":"max-video-preview:-1"},"canonical":"https:\/\/wordup-hd.de\/?page_id=215","og_locale":"de_DE","og_type":"article","og_title":"Was ist Poetry Slam? - WORD UP!","og_description":"&#8222;Slam is the lighthouse for the democratization of art.\u201c \u2013 Bob Holman Poetry Slam&#8230; &#8230;ist ein Wettbewerb der B\u00fchnendichter. Bis zu einem Dutzend Poeten teilen sich \u00fcber einen Abend dieselbe B\u00fchne, um ihre Texte einem Publikum so aufregend, so mitrei\u00dfend, so laut und schnell wie n\u00f6tig und so einf\u00fchlend und \u2026 Mehr lesen...","og_url":"https:\/\/wordup-hd.de\/?page_id=215","og_site_name":"WORD UP!","article_publisher":"https:\/\/www.facebook.com\/WORDUPHD","article_modified_time":"2015-02-08T14:47:18+00:00","twitter_misc":{"Gesch\u00e4tzte Lesezeit":"3\u00a0Minuten"},"schema":{"@context":"https:\/\/schema.org","@graph":[{"@type":"WebPage","@id":"https:\/\/wordup-hd.de\/?page_id=215","url":"https:\/\/wordup-hd.de\/?page_id=215","name":"Was ist Poetry Slam? - WORD UP!","isPartOf":{"@id":"https:\/\/wordup-hd.de\/#website"},"datePublished":"2015-02-08T14:40:17+00:00","dateModified":"2015-02-08T14:47:18+00:00","breadcrumb":{"@id":"https:\/\/wordup-hd.de\/?page_id=215#breadcrumb"},"inLanguage":"de","potentialAction":[{"@type":"ReadAction","target":["https:\/\/wordup-hd.de\/?page_id=215"]}]},{"@type":"BreadcrumbList","@id":"https:\/\/wordup-hd.de\/?page_id=215#breadcrumb","itemListElement":[{"@type":"ListItem","position":1,"name":"Home","item":"https:\/\/wordup-hd.de\/"},{"@type":"ListItem","position":2,"name":"Poetry Slam","item":"https:\/\/wordup-hd.de\/?page_id=176"},{"@type":"ListItem","position":3,"name":"Was ist Poetry Slam?"}]},{"@type":"WebSite","@id":"https:\/\/wordup-hd.de\/#website","url":"https:\/\/wordup-hd.de\/","name":"WORD UP!","description":"","potentialAction":[{"@type":"SearchAction","target":{"@type":"EntryPoint","urlTemplate":"https:\/\/wordup-hd.de\/?s={search_term_string}"},"query-input":{"@type":"PropertyValueSpecification","valueRequired":true,"valueName":"search_term_string"}}],"inLanguage":"de"}]}},"_links":{"self":[{"href":"https:\/\/wordup-hd.de\/index.php?rest_route=\/wp\/v2\/pages\/215","targetHints":{"allow":["GET"]}}],"collection":[{"href":"https:\/\/wordup-hd.de\/index.php?rest_route=\/wp\/v2\/pages"}],"about":[{"href":"https:\/\/wordup-hd.de\/index.php?rest_route=\/wp\/v2\/types\/page"}],"author":[{"embeddable":true,"href":"https:\/\/wordup-hd.de\/index.php?rest_route=\/wp\/v2\/users\/1"}],"replies":[{"embeddable":true,"href":"https:\/\/wordup-hd.de\/index.php?rest_route=%2Fwp%2Fv2%2Fcomments&post=215"}],"version-history":[{"count":2,"href":"https:\/\/wordup-hd.de\/index.php?rest_route=\/wp\/v2\/pages\/215\/revisions"}],"predecessor-version":[{"id":224,"href":"https:\/\/wordup-hd.de\/index.php?rest_route=\/wp\/v2\/pages\/215\/revisions\/224"}],"up":[{"embeddable":true,"href":"https:\/\/wordup-hd.de\/index.php?rest_route=\/wp\/v2\/pages\/176"}],"wp:attachment":[{"href":"https:\/\/wordup-hd.de\/index.php?rest_route=%2Fwp%2Fv2%2Fmedia&parent=215"}],"curies":[{"name":"wp","href":"https:\/\/api.w.org\/{rel}","templated":true}]}}