{"id":23,"date":"2015-01-31T23:25:38","date_gmt":"2015-01-31T22:25:38","guid":{"rendered":"http:\/\/wordpress.wordup-hd.de\/?page_id=23"},"modified":"2020-08-04T13:58:51","modified_gmt":"2020-08-04T11:58:51","slug":"kontakt","status":"publish","type":"page","link":"https:\/\/wordup-hd.de\/?page_id=23","title":{"rendered":"Kontakt"},"content":{"rendered":"<p>E-Mail: <a href=\"mailto:Kontakt@wordup-hd.de\" target=\"_blank\" rel=\"noopener noreferrer\">kontakt@wordup-hd.de<\/a><br \/>\nT: +49-(0)6221328204Null<br \/>\nM: +49-(0)1766360369F\u00fcnf<\/p>\n<p><strong>Bei Fragen zu Ticketvorverkauf u.\u00e4. wenden Sie sich bitte direkt an die Veranstaltungsh\u00e4user.<\/strong><br \/>\nWenn Veranstaltungen mit &#8222;Ausverkauft&#8220; gekennzeichnet sind, k\u00f6nnen auch wir nichts daran \u00e4ndern! Wir bitten von Anrufen abzusehen.<\/p>\n<p>U20-Projekte: Kathrin Rabus &#8211; <a href=\"mailto:Kathrin.Rabus@wordup-hd.de\" target=\"_blank\" rel=\"noopener noreferrer\">Kathrin.Rabus@wordup-hd.de<\/a><\/p>\n","protected":false},"excerpt":{"rendered":"<p>E-Mail: kontakt@wordup-hd.de T: +49-(0)6221328204Null M: +49-(0)1766360369F\u00fcnf Bei Fragen zu Ticketvorverkauf u.\u00e4. wenden Sie sich bitte direkt an die Veranstaltungsh\u00e4user. Wenn Veranstaltungen mit &#8222;Ausverkauft&#8220; gekennzeichnet sind, k\u00f6nnen auch wir nichts daran \u00e4ndern! Wir bitten von Anrufen abzusehen. U20-Projekte: Kathrin Rabus &#8211; Kathrin.Rabus@wordup-hd.de <a class=\"continue-reading-link\" href=\"https:\/\/wordup-hd.de\/?page_id=23\">Mehr lesen&#8230;<\/a><\/p>\n","protected":false},"author":1,"featured_media":0,"parent":12,"menu_order":0,"comment_status":"closed","ping_status":"open","template":"","meta":{"footnotes":""},"class_list":["post-23","page","type-page","status-publish","hentry"],"yoast_head":"<!-- This site is optimized with the Yoast SEO plugin v27.5 - https:\/\/yoast.com\/product\/yoast-seo-wordpress\/ -->\n<title>Kontakt - WORD UP!<\/title>\n<meta name=\"robots\" content=\"index, follow, max-snippet:-1, max-image-preview:large, max-video-preview:-1\" \/>\n<link rel=\"canonical\" href=\"https:\/\/wordup-hd.de\/?page_id=23\" \/>\n<meta property=\"og:locale\" content=\"de_DE\" \/>\n<meta property=\"og:type\" content=\"article\" \/>\n<meta property=\"og:title\" content=\"Kontakt - WORD UP!\" \/>\n<meta property=\"og:description\" content=\"E-Mail: kontakt@wordup-hd.de T: +49-(0)6221328204Null M: +49-(0)1766360369F\u00fcnf Bei Fragen zu Ticketvorverkauf u.\u00e4. wenden Sie sich bitte direkt an die Veranstaltungsh\u00e4user. Wenn Veranstaltungen mit &#8222;Ausverkauft&#8220; gekennzeichnet sind, k\u00f6nnen auch wir nichts daran \u00e4ndern! Wir bitten von Anrufen abzusehen. U20-Projekte: Kathrin Rabus &#8211; Kathrin.Rabus@wordup-hd.de Mehr lesen...\" \/>\n<meta property=\"og:url\" content=\"https:\/\/wordup-hd.de\/?page_id=23\" \/>\n<meta property=\"og:site_name\" content=\"WORD UP!\" \/>\n<meta property=\"article:publisher\" content=\"https:\/\/www.facebook.com\/WORDUPHD\" \/>\n<meta property=\"article:modified_time\" content=\"2020-08-04T11:58:51+00:00\" \/>\n<script type=\"application\/ld+json\" class=\"yoast-schema-graph\">{\"@context\":\"https:\\\/\\\/schema.org\",\"@graph\":[{\"@type\":\"WebPage\",\"@id\":\"https:\\\/\\\/wordup-hd.de\\\/?page_id=23\",\"url\":\"https:\\\/\\\/wordup-hd.de\\\/?page_id=23\",\"name\":\"Kontakt - WORD UP!\",\"isPartOf\":{\"@id\":\"https:\\\/\\\/wordup-hd.de\\\/#website\"},\"datePublished\":\"2015-01-31T22:25:38+00:00\",\"dateModified\":\"2020-08-04T11:58:51+00:00\",\"breadcrumb\":{\"@id\":\"https:\\\/\\\/wordup-hd.de\\\/?page_id=23#breadcrumb\"},\"inLanguage\":\"de\",\"potentialAction\":[{\"@type\":\"ReadAction\",\"target\":[\"https:\\\/\\\/wordup-hd.de\\\/?page_id=23\"]}]},{\"@type\":\"BreadcrumbList\",\"@id\":\"https:\\\/\\\/wordup-hd.de\\\/?page_id=23#breadcrumb\",\"itemListElement\":[{\"@type\":\"ListItem\",\"position\":1,\"name\":\"Home\",\"item\":\"https:\\\/\\\/wordup-hd.de\\\/\"},{\"@type\":\"ListItem\",\"position\":2,\"name\":\"\u00dcber Uns\",\"item\":\"https:\\\/\\\/wordup-hd.de\\\/?page_id=12\"},{\"@type\":\"ListItem\",\"position\":3,\"name\":\"Kontakt\"}]},{\"@type\":\"WebSite\",\"@id\":\"https:\\\/\\\/wordup-hd.de\\\/#website\",\"url\":\"https:\\\/\\\/wordup-hd.de\\\/\",\"name\":\"WORD UP!\",\"description\":\"\",\"potentialAction\":[{\"@type\":\"SearchAction\",\"target\":{\"@type\":\"EntryPoint\",\"urlTemplate\":\"https:\\\/\\\/wordup-hd.de\\\/?s={search_term_string}\"},\"query-input\":{\"@type\":\"PropertyValueSpecification\",\"valueRequired\":true,\"valueName\":\"search_term_string\"}}],\"inLanguage\":\"de\"}]}<\/script>\n<!-- \/ Yoast SEO plugin. -->","yoast_head_json":{"title":"Kontakt - WORD UP!","robots":{"index":"index","follow":"follow","max-snippet":"max-snippet:-1","max-image-preview":"max-image-preview:large","max-video-preview":"max-video-preview:-1"},"canonical":"https:\/\/wordup-hd.de\/?page_id=23","og_locale":"de_DE","og_type":"article","og_title":"Kontakt - WORD UP!","og_description":"E-Mail: kontakt@wordup-hd.de T: +49-(0)6221328204Null M: +49-(0)1766360369F\u00fcnf Bei Fragen zu Ticketvorverkauf u.\u00e4. wenden Sie sich bitte direkt an die Veranstaltungsh\u00e4user. Wenn Veranstaltungen mit &#8222;Ausverkauft&#8220; gekennzeichnet sind, k\u00f6nnen auch wir nichts daran \u00e4ndern! Wir bitten von Anrufen abzusehen. U20-Projekte: Kathrin Rabus &#8211; Kathrin.Rabus@wordup-hd.de Mehr lesen...","og_url":"https:\/\/wordup-hd.de\/?page_id=23","og_site_name":"WORD UP!","article_publisher":"https:\/\/www.facebook.com\/WORDUPHD","article_modified_time":"2020-08-04T11:58:51+00:00","schema":{"@context":"https:\/\/schema.org","@graph":[{"@type":"WebPage","@id":"https:\/\/wordup-hd.de\/?page_id=23","url":"https:\/\/wordup-hd.de\/?page_id=23","name":"Kontakt - WORD UP!","isPartOf":{"@id":"https:\/\/wordup-hd.de\/#website"},"datePublished":"2015-01-31T22:25:38+00:00","dateModified":"2020-08-04T11:58:51+00:00","breadcrumb":{"@id":"https:\/\/wordup-hd.de\/?page_id=23#breadcrumb"},"inLanguage":"de","potentialAction":[{"@type":"ReadAction","target":["https:\/\/wordup-hd.de\/?page_id=23"]}]},{"@type":"BreadcrumbList","@id":"https:\/\/wordup-hd.de\/?page_id=23#breadcrumb","itemListElement":[{"@type":"ListItem","position":1,"name":"Home","item":"https:\/\/wordup-hd.de\/"},{"@type":"ListItem","position":2,"name":"\u00dcber Uns","item":"https:\/\/wordup-hd.de\/?page_id=12"},{"@type":"ListItem","position":3,"name":"Kontakt"}]},{"@type":"WebSite","@id":"https:\/\/wordup-hd.de\/#website","url":"https:\/\/wordup-hd.de\/","name":"WORD UP!","description":"","potentialAction":[{"@type":"SearchAction","target":{"@type":"EntryPoint","urlTemplate":"https:\/\/wordup-hd.de\/?s={search_term_string}"},"query-input":{"@type":"PropertyValueSpecification","valueRequired":true,"valueName":"search_term_string"}}],"inLanguage":"de"}]}},"_links":{"self":[{"href":"https:\/\/wordup-hd.de\/index.php?rest_route=\/wp\/v2\/pages\/23","targetHints":{"allow":["GET"]}}],"collection":[{"href":"https:\/\/wordup-hd.de\/index.php?rest_route=\/wp\/v2\/pages"}],"about":[{"href":"https:\/\/wordup-hd.de\/index.php?rest_route=\/wp\/v2\/types\/page"}],"author":[{"embeddable":true,"href":"https:\/\/wordup-hd.de\/index.php?rest_route=\/wp\/v2\/users\/1"}],"replies":[{"embeddable":true,"href":"https:\/\/wordup-hd.de\/index.php?rest_route=%2Fwp%2Fv2%2Fcomments&post=23"}],"version-history":[{"count":11,"href":"https:\/\/wordup-hd.de\/index.php?rest_route=\/wp\/v2\/pages\/23\/revisions"}],"predecessor-version":[{"id":2095,"href":"https:\/\/wordup-hd.de\/index.php?rest_route=\/wp\/v2\/pages\/23\/revisions\/2095"}],"up":[{"embeddable":true,"href":"https:\/\/wordup-hd.de\/index.php?rest_route=\/wp\/v2\/pages\/12"}],"wp:attachment":[{"href":"https:\/\/wordup-hd.de\/index.php?rest_route=%2Fwp%2Fv2%2Fmedia&parent=23"}],"curies":[{"name":"wp","href":"https:\/\/api.w.org\/{rel}","templated":true}]}}