{"id":255,"date":"2015-02-08T21:02:39","date_gmt":"2015-02-08T20:02:39","guid":{"rendered":"http:\/\/wordpress.wordup-hd.de\/?page_id=255"},"modified":"2015-12-15T12:08:51","modified_gmt":"2015-12-15T11:08:51","slug":"buchen","status":"publish","type":"page","link":"https:\/\/wordup-hd.de\/?page_id=255","title":{"rendered":"Veranstaltungen buchen"},"content":{"rendered":"<p><strong>Unsere Veranstaltungen kann man buchen!<\/strong><\/p>\n<p>Wir stellen gerne nach Ihrem ganz individuellen Bedarf ein eigenes Veranstaltungskonzept zusammen. Was halten Sie von einem Poetry Slam auf Ihrer n\u00e4chsten Betriebs- oder Firmenfeier? M\u00f6chten Sie eine Lesung an einem ungew\u00f6hnlichen Ort anbieten oder suchen Sie nach einem Poetry Slammer f\u00fcr Ihre Hochzeit oder eine Geburtstagsfeier? Ob Lesung oder Poetry Slam (gerne auch mit musikalischen G\u00e4sten) oder Kabarett und Kleinkunst: Wir k\u00fcmmern uns um die Vorbereitung, Planung, Organisation und Durchf\u00fchrung oder stehen Ihnen einfach nur beratend zur Seite.<\/p>\n<p><strong>Schreiben Sie uns gerne unverbindlich an: <a href=\"mailto:Kontakt@wordup-hd.de\" target=\"_blank\">Kontakt@wordup-hd.de<\/a><\/strong><\/p>\n<p>Wir arbeiten gerne mit Schulen, Kultureinrichtungen, Vereinen, Privatleuten oder Unternehmen zusammen und helfen bei der Planung Ihrer eigenen, individuellen Veranstaltung.<\/p>\n<p>Durch unser gro\u00dfes und intensives Netzwerk mit pers\u00f6nlichen Kontakten zu den bekanntesten und beliebtesten Poetry Slammern sowie vielen Musikern, Kabarettisten und Comedians in der Region wie auch im gesamten deutschsprachigen Raum, sind wir in der Lage, Veranstaltungen ganz nach Ihren W\u00fcnschen und Ihrem Budget entsprechend zu konzipieren.<\/p>\n<p>Unsere jahrelange Erfahrung in der Durchf\u00fchrung und Organisation von Poetry Slams und \u00e4hnlichen Veranstaltungen hilft uns, auch Ihre Veranstaltung zu einem unvergesslichen, ungew\u00f6hnlichen Erlebnis zu machen.<\/p>\n<p>Neben unseren regelm\u00e4\u00dfigen Partnern, dem DAI Heidelberg, dem Kulturfenster und der Alten Feuerwache Mannheim, durften wir bisher mit folgenden Institutionen und Firmen zusammenarbeiten (Auswahl):<\/p>\n<ul>\n<li>Reiss-Engelhorn-Museen \/ Mannheim<\/li>\n<li>Baden-W\u00fcrttembergische Literaturtage 2013 \/ Wiesloch<\/li>\n<li>Gesellschaft f\u00fcr innovative Marktforschung \/ Heidelberg<\/li>\n<li>Erzdi\u00f6zese Freiburg<\/li>\n<li>Lange Nacht der Museen, Stadtbibliothek \/ Mannheim<\/li>\n<li>Theater der Stadt Heidelberg<\/li>\n<li>Keil-Collection \/ Heidelberg<\/li>\n<li>Sparkasse Heidelberg<\/li>\n<li>Halle02 \/ Heidelberg<\/li>\n<li>Duale Hochschule Baden-W\u00fcrttemberg \/ Mannheim<\/li>\n<li>SWR 2 \/ Mainz<\/li>\n<li>B\u00fcrgerstiftung Heidelberg<\/li>\n<li>Kultur.Raum.Stadt \u201eMannheim 2020\u201c<\/li>\n<li>Duden-Verlag \/ Mannheim<\/li>\n<li>Albertus-Magnus-Gymnasium \/ Viernheim<\/li>\n<li>Heidelberger Fr\u00fchling<\/li>\n<li>TES e.V. &#8211; Stadtteilmanagement \/ Heidelberg<\/li>\n<li>Heidelberger Herbst<\/li>\n<li>Europ\u00e4ischer Hof \/ Heidelberg<\/li>\n<li>Stadt Viernheim<\/li>\n<li>Kinder- und Jugendtheater \/ Speyer<\/li>\n<li>Datagroup AG \/ Pliezhausen<\/li>\n<li>Dr. Rainer Wild-Stiftung \/ Heidelberg<\/li>\n<li>IBA Heidelberg<\/li>\n<li>Zukunft Metropolregion Rhein-Neckar e.V.<\/li>\n<li>BASF SE \/ Ludwigshafen<\/li>\n<\/ul>\n","protected":false},"excerpt":{"rendered":"<p>Unsere Veranstaltungen kann man buchen! Wir stellen gerne nach Ihrem ganz individuellen Bedarf ein eigenes Veranstaltungskonzept zusammen. Was halten Sie von einem Poetry Slam auf Ihrer n\u00e4chsten Betriebs- oder Firmenfeier? M\u00f6chten Sie eine Lesung an einem ungew\u00f6hnlichen Ort anbieten oder suchen Sie nach einem Poetry Slammer f\u00fcr Ihre Hochzeit oder \u2026 <a class=\"continue-reading-link\" href=\"https:\/\/wordup-hd.de\/?page_id=255\">Mehr lesen&#8230;<\/a><\/p>\n","protected":false},"author":1,"featured_media":0,"parent":0,"menu_order":3,"comment_status":"closed","ping_status":"open","template":"templates\/template-twocolumns-right.php","meta":{"footnotes":""},"class_list":["post-255","page","type-page","status-publish","hentry"],"yoast_head":"<!-- This site is optimized with the Yoast SEO plugin v27.3 - https:\/\/yoast.com\/product\/yoast-seo-wordpress\/ -->\n<title>Veranstaltungen buchen - WORD UP!<\/title>\n<meta name=\"robots\" content=\"index, follow, max-snippet:-1, max-image-preview:large, max-video-preview:-1\" \/>\n<link rel=\"canonical\" href=\"https:\/\/wordup-hd.de\/?page_id=255\" \/>\n<meta property=\"og:locale\" content=\"de_DE\" \/>\n<meta property=\"og:type\" content=\"article\" \/>\n<meta property=\"og:title\" content=\"Veranstaltungen buchen - WORD UP!\" \/>\n<meta property=\"og:description\" content=\"Unsere Veranstaltungen kann man buchen! Wir stellen gerne nach Ihrem ganz individuellen Bedarf ein eigenes Veranstaltungskonzept zusammen. Was halten Sie von einem Poetry Slam auf Ihrer n\u00e4chsten Betriebs- oder Firmenfeier? M\u00f6chten Sie eine Lesung an einem ungew\u00f6hnlichen Ort anbieten oder suchen Sie nach einem Poetry Slammer f\u00fcr Ihre Hochzeit oder \u2026 Mehr lesen...\" \/>\n<meta property=\"og:url\" content=\"https:\/\/wordup-hd.de\/?page_id=255\" \/>\n<meta property=\"og:site_name\" content=\"WORD UP!\" \/>\n<meta property=\"article:publisher\" content=\"https:\/\/www.facebook.com\/WORDUPHD\" \/>\n<meta property=\"article:modified_time\" content=\"2015-12-15T11:08:51+00:00\" \/>\n<meta name=\"twitter:label1\" content=\"Gesch\u00e4tzte Lesezeit\" \/>\n\t<meta name=\"twitter:data1\" content=\"2\u00a0Minuten\" \/>\n<script type=\"application\/ld+json\" class=\"yoast-schema-graph\">{\"@context\":\"https:\\\/\\\/schema.org\",\"@graph\":[{\"@type\":\"WebPage\",\"@id\":\"https:\\\/\\\/wordup-hd.de\\\/?page_id=255\",\"url\":\"https:\\\/\\\/wordup-hd.de\\\/?page_id=255\",\"name\":\"Veranstaltungen buchen - WORD UP!\",\"isPartOf\":{\"@id\":\"https:\\\/\\\/wordup-hd.de\\\/#website\"},\"datePublished\":\"2015-02-08T20:02:39+00:00\",\"dateModified\":\"2015-12-15T11:08:51+00:00\",\"breadcrumb\":{\"@id\":\"https:\\\/\\\/wordup-hd.de\\\/?page_id=255#breadcrumb\"},\"inLanguage\":\"de\",\"potentialAction\":[{\"@type\":\"ReadAction\",\"target\":[\"https:\\\/\\\/wordup-hd.de\\\/?page_id=255\"]}]},{\"@type\":\"BreadcrumbList\",\"@id\":\"https:\\\/\\\/wordup-hd.de\\\/?page_id=255#breadcrumb\",\"itemListElement\":[{\"@type\":\"ListItem\",\"position\":1,\"name\":\"Home\",\"item\":\"https:\\\/\\\/wordup-hd.de\\\/\"},{\"@type\":\"ListItem\",\"position\":2,\"name\":\"Veranstaltungen buchen\"}]},{\"@type\":\"WebSite\",\"@id\":\"https:\\\/\\\/wordup-hd.de\\\/#website\",\"url\":\"https:\\\/\\\/wordup-hd.de\\\/\",\"name\":\"WORD UP!\",\"description\":\"\",\"potentialAction\":[{\"@type\":\"SearchAction\",\"target\":{\"@type\":\"EntryPoint\",\"urlTemplate\":\"https:\\\/\\\/wordup-hd.de\\\/?s={search_term_string}\"},\"query-input\":{\"@type\":\"PropertyValueSpecification\",\"valueRequired\":true,\"valueName\":\"search_term_string\"}}],\"inLanguage\":\"de\"}]}<\/script>\n<!-- \/ Yoast SEO plugin. -->","yoast_head_json":{"title":"Veranstaltungen buchen - WORD UP!","robots":{"index":"index","follow":"follow","max-snippet":"max-snippet:-1","max-image-preview":"max-image-preview:large","max-video-preview":"max-video-preview:-1"},"canonical":"https:\/\/wordup-hd.de\/?page_id=255","og_locale":"de_DE","og_type":"article","og_title":"Veranstaltungen buchen - WORD UP!","og_description":"Unsere Veranstaltungen kann man buchen! Wir stellen gerne nach Ihrem ganz individuellen Bedarf ein eigenes Veranstaltungskonzept zusammen. Was halten Sie von einem Poetry Slam auf Ihrer n\u00e4chsten Betriebs- oder Firmenfeier? M\u00f6chten Sie eine Lesung an einem ungew\u00f6hnlichen Ort anbieten oder suchen Sie nach einem Poetry Slammer f\u00fcr Ihre Hochzeit oder \u2026 Mehr lesen...","og_url":"https:\/\/wordup-hd.de\/?page_id=255","og_site_name":"WORD UP!","article_publisher":"https:\/\/www.facebook.com\/WORDUPHD","article_modified_time":"2015-12-15T11:08:51+00:00","twitter_misc":{"Gesch\u00e4tzte Lesezeit":"2\u00a0Minuten"},"schema":{"@context":"https:\/\/schema.org","@graph":[{"@type":"WebPage","@id":"https:\/\/wordup-hd.de\/?page_id=255","url":"https:\/\/wordup-hd.de\/?page_id=255","name":"Veranstaltungen buchen - WORD UP!","isPartOf":{"@id":"https:\/\/wordup-hd.de\/#website"},"datePublished":"2015-02-08T20:02:39+00:00","dateModified":"2015-12-15T11:08:51+00:00","breadcrumb":{"@id":"https:\/\/wordup-hd.de\/?page_id=255#breadcrumb"},"inLanguage":"de","potentialAction":[{"@type":"ReadAction","target":["https:\/\/wordup-hd.de\/?page_id=255"]}]},{"@type":"BreadcrumbList","@id":"https:\/\/wordup-hd.de\/?page_id=255#breadcrumb","itemListElement":[{"@type":"ListItem","position":1,"name":"Home","item":"https:\/\/wordup-hd.de\/"},{"@type":"ListItem","position":2,"name":"Veranstaltungen buchen"}]},{"@type":"WebSite","@id":"https:\/\/wordup-hd.de\/#website","url":"https:\/\/wordup-hd.de\/","name":"WORD UP!","description":"","potentialAction":[{"@type":"SearchAction","target":{"@type":"EntryPoint","urlTemplate":"https:\/\/wordup-hd.de\/?s={search_term_string}"},"query-input":{"@type":"PropertyValueSpecification","valueRequired":true,"valueName":"search_term_string"}}],"inLanguage":"de"}]}},"_links":{"self":[{"href":"https:\/\/wordup-hd.de\/index.php?rest_route=\/wp\/v2\/pages\/255","targetHints":{"allow":["GET"]}}],"collection":[{"href":"https:\/\/wordup-hd.de\/index.php?rest_route=\/wp\/v2\/pages"}],"about":[{"href":"https:\/\/wordup-hd.de\/index.php?rest_route=\/wp\/v2\/types\/page"}],"author":[{"embeddable":true,"href":"https:\/\/wordup-hd.de\/index.php?rest_route=\/wp\/v2\/users\/1"}],"replies":[{"embeddable":true,"href":"https:\/\/wordup-hd.de\/index.php?rest_route=%2Fwp%2Fv2%2Fcomments&post=255"}],"version-history":[{"count":16,"href":"https:\/\/wordup-hd.de\/index.php?rest_route=\/wp\/v2\/pages\/255\/revisions"}],"predecessor-version":[{"id":685,"href":"https:\/\/wordup-hd.de\/index.php?rest_route=\/wp\/v2\/pages\/255\/revisions\/685"}],"wp:attachment":[{"href":"https:\/\/wordup-hd.de\/index.php?rest_route=%2Fwp%2Fv2%2Fmedia&parent=255"}],"curies":[{"name":"wp","href":"https:\/\/api.w.org\/{rel}","templated":true}]}}